{"id":5808,"date":"2019-06-13T15:29:13","date_gmt":"2019-06-13T13:29:13","guid":{"rendered":"http:\/\/www.arancioamaro.it\/camera-201\/"},"modified":"2019-06-25T11:10:20","modified_gmt":"2019-06-25T09:10:20","slug":"zimmer-201","status":"publish","type":"page","link":"https:\/\/www.arancioamaro.it\/de\/zimmer-201\/","title":{"rendered":"Zimmer 201"},"content":{"rendered":"<p>[vc_row equal_height=&#8220;yes&#8220; css_animation=&#8220;none&#8220; css=&#8220;.vc_custom_1559206975763{margin-top: 0px !important;padding-top: 12px !important;}&#8220; el_class=&#8220;bianco&#8220;][vc_column css=&#8220;.vc_custom_1559137536501{padding-right: 0px !important;padding-left: 0px !important;background-color: #849489 !important;}&#8220; offset=&#8220;vc_col-lg-12 vc_col-md-12 vc_col-xs-12&#8243;]<div class=\"mkd-animation-holder mkd-fade-in-down\" data-animation=\"mkd-fade-in-down\" data-animation-delay=\"500\"><div class=\"mkd-animation-inner\"><div class=\"mkd-elements-holder   mkd-one-column  mkd-responsive-mode-768 \" ><div class=\"mkd-eh-item    \"  data-item-class=\"mkd-eh-custom-1482\" data-1280-1600=\"6% 24% 9% 24%\" data-1024-1280=\"6% 24% 9% 24%\" data-768-1024=\"6% 24% 9% 24%\" data-680-768=\"6% 9% 12% 9%\" data-680=\"6% 9% 12% 9%\">\n\t<div class=\"mkd-eh-item-inner\">\n\t\t<div class=\"mkd-eh-item-content mkd-eh-custom-1482\" style=\"padding: 6% 24% 9% 24%\">\n\t\t\t[vc_column_text]<\/p>\n<h5 style=\"text-align: center;\">FEIN UND EINLADEND<\/h5>\n<p>[\/vc_column_text][vc_column_text]<\/p>\n<h6 style=\"text-align: center;\">Das 201 ist eine Suite in zarten gr\u00fcn und grauen Farben, die \u00fcber einen kleinen separaten Raum verf\u00fcgt, der mit Sofa und Arbeitstisch ausgestattet ist. Das Zimmer hat eine private Terrasse von 25 m\u00b2 mit Sofa, Chaise Longue, Tisch und St\u00fchlen, mit einem wundersch\u00f6nen Blick auf den See, Cannero und seine Schl\u00f6sser.<\/h6>\n<p>[\/vc_column_text]\t\t<\/div>\n\t<\/div>\n<\/div><\/div><\/div><\/div>[\/vc_column][\/vc_row][vc_row equal_height=&#8220;yes&#8220; css_animation=&#8220;none&#8220; el_class=&#8220;panna&#8220; css=&#8220;.vc_custom_1559225165337{margin-top: 12px !important;}&#8220;][vc_column css=&#8220;.vc_custom_1560432948799{background-image: url(http:\/\/www.arancioamaro.it\/wp-content\/uploads\/2019\/06\/2-arancio-amaro-hotel-cannero-camera-201.jpg?id=5523) !important;background-position: center !important;background-repeat: no-repeat !important;background-size: cover !important;}&#8220; offset=&#8220;vc_col-lg-4 vc_col-md-12 vc_col-xs-12&#8243;][vc_empty_space height=&#8220;400px&#8220;][\/vc_column][vc_column css=&#8220;.vc_custom_1559141667521{padding-top: 0px !important;padding-right: 0px !important;padding-bottom: 0px !important;padding-left: 12px !important;}&#8220; offset=&#8220;vc_col-lg-8 vc_col-md-12 vc_col-xs-12&#8243;]<div class=\"mkd-elements-holder   mkd-one-column  mkd-responsive-mode-768 \" ><div class=\"mkd-eh-item    \"  data-item-class=\"mkd-eh-custom-3135\" data-1280-1600=\"0px\" data-1024-1280=\"0px\" data-768-1024=\"0%\" data-680-768=\"0%\" data-680=\"0%\">\n\t<div class=\"mkd-eh-item-inner\">\n\t\t<div class=\"mkd-eh-item-content mkd-eh-custom-3135\" style=\"padding: 0px\">\n\t\t\t<div class=\"mkd-single-image-holder     \">\n    <div class=\"mkd-si-inner\" >\n                                    <img loading=\"lazy\" decoding=\"async\" width=\"1920\" height=\"1100\" src=\"https:\/\/www.arancioamaro.it\/wp-content\/uploads\/2019\/05\/ristorante-arancioamaro-hotel-cannero.jpg\" class=\"attachment-full size-full\" alt=\"\" srcset=\"https:\/\/www.arancioamaro.it\/wp-content\/uploads\/2019\/05\/ristorante-arancioamaro-hotel-cannero.jpg 1920w, https:\/\/www.arancioamaro.it\/wp-content\/uploads\/2019\/05\/ristorante-arancioamaro-hotel-cannero-300x172.jpg 300w, https:\/\/www.arancioamaro.it\/wp-content\/uploads\/2019\/05\/ristorante-arancioamaro-hotel-cannero-768x440.jpg 768w, https:\/\/www.arancioamaro.it\/wp-content\/uploads\/2019\/05\/ristorante-arancioamaro-hotel-cannero-1024x587.jpg 1024w, https:\/\/www.arancioamaro.it\/wp-content\/uploads\/2019\/05\/ristorante-arancioamaro-hotel-cannero-600x344.jpg 600w\" sizes=\"auto, (max-width: 1920px) 100vw, 1920px\" \/>                                <\/div>\n<\/div>\t\t<\/div>\n\t<\/div>\n<\/div><\/div>[\/vc_column][\/vc_row][vc_row equal_height=&#8220;yes&#8220; css_animation=&#8220;none&#8220; el_class=&#8220;verde&#8220; css=&#8220;.vc_custom_1559139323877{margin-top: 12px !important;}&#8220;][vc_column css=&#8220;.vc_custom_1517387242406{padding-top: 0px !important;padding-right: 0px !important;padding-bottom: 0px !important;background-position: center !important;background-repeat: no-repeat !important;background-size: cover !important;}&#8220; offset=&#8220;vc_col-lg-8 vc_col-md-12 vc_col-xs-12&#8243;]<div class=\"mkd-elements-holder   mkd-one-column  mkd-responsive-mode-768 \" ><div class=\"mkd-eh-item    \"  data-item-class=\"mkd-eh-custom-3931\" data-1280-1600=\"0px\" data-1024-1280=\"0px\" data-768-1024=\"0%\" data-680-768=\"0%\" data-680=\"0%\">\n\t<div class=\"mkd-eh-item-inner\">\n\t\t<div class=\"mkd-eh-item-content mkd-eh-custom-3931\" style=\"padding: 0px\">\n\t\t\t<div class=\"mkd-single-image-holder     \">\n    <div class=\"mkd-si-inner\" >\n                                    <img loading=\"lazy\" decoding=\"async\" width=\"1290\" height=\"800\" src=\"https:\/\/www.arancioamaro.it\/wp-content\/uploads\/2019\/06\/1-arancio-amaro-hotel-cannero-camera-201.jpg\" class=\"attachment-full size-full\" alt=\"\" srcset=\"https:\/\/www.arancioamaro.it\/wp-content\/uploads\/2019\/06\/1-arancio-amaro-hotel-cannero-camera-201.jpg 1290w, https:\/\/www.arancioamaro.it\/wp-content\/uploads\/2019\/06\/1-arancio-amaro-hotel-cannero-camera-201-300x186.jpg 300w, https:\/\/www.arancioamaro.it\/wp-content\/uploads\/2019\/06\/1-arancio-amaro-hotel-cannero-camera-201-768x476.jpg 768w, https:\/\/www.arancioamaro.it\/wp-content\/uploads\/2019\/06\/1-arancio-amaro-hotel-cannero-camera-201-1024x635.jpg 1024w, https:\/\/www.arancioamaro.it\/wp-content\/uploads\/2019\/06\/1-arancio-amaro-hotel-cannero-camera-201-600x372.jpg 600w\" sizes=\"auto, (max-width: 1290px) 100vw, 1290px\" \/>                                <\/div>\n<\/div>\t\t<\/div>\n\t<\/div>\n<\/div><\/div>[\/vc_column][vc_column css=&#8220;.vc_custom_1559142548197{margin-left: 12px !important;padding-right: 0px !important;padding-left: 0px !important;background-color: #eee4db !important;}&#8220; offset=&#8220;vc_col-lg-4 vc_col-md-12 vc_col-xs-12&#8243;]<div class=\"mkd-animation-holder mkd-element-from-fade\" data-animation=\"mkd-element-from-fade\" data-animation-delay=\"500\"><div class=\"mkd-animation-inner\"><div class=\"mkd-elements-holder   mkd-one-column  mkd-responsive-mode-768 \" ><div class=\"mkd-eh-item   mkd-horizontal-alignment-center \"  data-item-class=\"mkd-eh-custom-1246\" data-1280-1600=\"20% 13% 15% 10%\" data-1024-1280=\"8% 10% 12% 10%\" data-768-1024=\"8% 10% 12% 10%\" data-680-768=\"8% 10% 12% 10%\" data-680=\"8% 10% 12% 10%\">\n\t<div class=\"mkd-eh-item-inner\">\n\t\t<div class=\"mkd-eh-item-content mkd-eh-custom-1246\" style=\"padding: 20% 13% 15% 10%\">\n\t\t\t[vc_column_text]<\/p>\n<h3 style=\"text-align: center;\"><strong>IM ZIMMER<\/strong><\/h3>\n<p>Minibar, Safe, TV, kostenloses WLAN, Telefon, Klimaanlage und Heizung, privates Bad mit Badewanne, F\u00f6n und Badeprodukte, Pantoffeln, Wasserkocher, Kleiderschrank oder Garderobe, Handt\u00fccher, privater und kostenloser Parkplatz in 30 m Entfernung zum Hotel (ohne vorherige Reservierung).[\/vc_column_text][vc_empty_space height=&#8220;45px&#8220;]<a itemprop=\"url\" href=\"\/de\/buchen\/\" target=\"_self\" style=\"text-transform: uppercase;margin: 0 0 0 4px\" class=\"mkd-btn mkd-btn-medium mkd-btn-outline\"  >\n    <span class=\"mkd-btn-text\">BUCHEN<\/span>\n        <\/a>\t\t<\/div>\n\t<\/div>\n<\/div><\/div><\/div><\/div>[\/vc_column][\/vc_row][vc_row content_placement=&#8220;middle&#8220; content_text_aligment=&#8220;center&#8220; el_class=&#8220;panna&#8220; css=&#8220;.vc_custom_1559209196879{margin-top: 12px !important;background-color: #849489 !important;}&#8220;][vc_column][vc_row_inner content_placement=&#8220;middle&#8220;][vc_column_inner][vc_empty_space height=&#8220;100px&#8220;][vc_column_text]<\/p>\n<h3 style=\"text-align: center;\"><strong>UNVERGESSLICHE ABENTEUER <\/strong> AUF DEM SEE ERLEBEN<\/h3>\n<p>[\/vc_column_text][vc_empty_space height=&#8220;20px&#8220;]<a itemprop=\"url\" href=\"\/de\/erfahrungen\/\" target=\"_self\" style=\"text-transform: uppercase;margin: 0 0 0 4px\" class=\"mkd-btn mkd-btn-medium mkd-btn-outline\"  >\n    <span class=\"mkd-btn-text\">ERFAHREN SIE MEHR<\/span>\n        <\/a>[vc_empty_space height=&#8220;160px&#8220;][\/vc_column_inner][\/vc_row_inner][\/vc_column][\/vc_row][vc_row parallax_background_image=&#8220;5093&#8243; el_class=&#8220;panna&#8220; css=&#8220;.vc_custom_1559145436635{margin-top: 12px !important;}&#8220;][vc_column][vc_empty_space height=&#8220;250px&#8220;][vc_row_inner][vc_column_inner width=&#8220;1\/4&#8243;][\/vc_column_inner][vc_column_inner width=&#8220;1\/2&#8243; css=&#8220;.vc_custom_1559145368555{padding-bottom: 45px !important;background-color: rgba(132,148,137,0.71) !important;*background-color: rgb(132,148,137) !important;}&#8220;][vc_column_text]<\/p>\n<h3 style=\"text-align: center;\"><a href=\"\/de\/buchen\/\">JETZT UNVERBINDLICH <strong> BUCHEN<\/strong><\/a><\/h3>\n<p>[\/vc_column_text][\/vc_column_inner][vc_column_inner width=&#8220;1\/4&#8243;][\/vc_column_inner][\/vc_row_inner][vc_empty_space height=&#8220;250px&#8220;][\/vc_column][\/vc_row]<\/p>\n","protected":false},"excerpt":{"rendered":"<p>[vc_row equal_height=&#8220;yes&#8220; css_animation=&#8220;none&#8220; css=&#8220;.vc_custom_1559206975763{margin-top: 0px !important;padding-top: 12px !important;}&#8220; el_class=&#8220;bianco&#8220;][vc_column css=&#8220;.vc_custom_1559137536501{padding-right: 0px !important;padding-left: 0px !important;background-color: #849489 !important;}&#8220; offset=&#8220;vc_col-lg-12 vc_col-md-12 vc_col-xs-12&#8243;][\/vc_column][\/vc_row][vc_row equal_height=&#8220;yes&#8220; css_animation=&#8220;none&#8220; el_class=&#8220;panna&#8220; css=&#8220;.vc_custom_1559225165337{margin-top: 12px !important;}&#8220;][vc_column css=&#8220;.vc_custom_1560432948799{background-image: url(http:\/\/www.arancioamaro.it\/wp-content\/uploads\/2019\/06\/2-arancio-amaro-hotel-cannero-camera-201.jpg?id=5523) !important;background-position: center !important;background-repeat: no-repeat !important;background-size: cover !important;}&#8220; offset=&#8220;vc_col-lg-4 vc_col-md-12 vc_col-xs-12&#8243;][vc_empty_space height=&#8220;400px&#8220;][\/vc_column][vc_column css=&#8220;.vc_custom_1559141667521{padding-top: 0px [&hellip;]<\/p>\n","protected":false},"author":1,"featured_media":0,"parent":0,"menu_order":0,"comment_status":"closed","ping_status":"closed","template":"full-width.php","meta":{"footnotes":""},"class_list":["post-5808","page","type-page","status-publish","hentry"],"yoast_head":"<!-- This site is optimized with the Yoast SEO plugin v25.2 - https:\/\/yoast.com\/wordpress\/plugins\/seo\/ -->\n<title>Zimmer 201 | ArancioAmaro Cannero Riviera<\/title>\n<meta name=\"robots\" content=\"index, follow, max-snippet:-1, max-image-preview:large, max-video-preview:-1\" \/>\n<link rel=\"canonical\" href=\"https:\/\/www.arancioamaro.it\/de\/zimmer-201\/\" \/>\n<meta property=\"og:locale\" content=\"de_DE\" \/>\n<meta property=\"og:type\" content=\"article\" \/>\n<meta property=\"og:title\" content=\"Zimmer 201 | ArancioAmaro Cannero Riviera\" \/>\n<meta property=\"og:description\" content=\"[vc_row equal_height=&#8220;yes&#8220; css_animation=&#8220;none&#8220; css=&#8220;.vc_custom_1559206975763{margin-top: 0px !important;padding-top: 12px !important;}&#8220; el_class=&#8220;bianco&#8220;][vc_column css=&#8220;.vc_custom_1559137536501{padding-right: 0px !important;padding-left: 0px !important;background-color: #849489 !important;}&#8220; offset=&#8220;vc_col-lg-12 vc_col-md-12 vc_col-xs-12&#8243;][\/vc_column][\/vc_row][vc_row equal_height=&#8220;yes&#8220; css_animation=&#8220;none&#8220; el_class=&#8220;panna&#8220; css=&#8220;.vc_custom_1559225165337{margin-top: 12px !important;}&#8220;][vc_column css=&#8220;.vc_custom_1560432948799{background-image: url(http:\/\/www.arancioamaro.it\/wp-content\/uploads\/2019\/06\/2-arancio-amaro-hotel-cannero-camera-201.jpg?id=5523) !important;background-position: center !important;background-repeat: no-repeat !important;background-size: cover !important;}&#8220; offset=&#8220;vc_col-lg-4 vc_col-md-12 vc_col-xs-12&#8243;][vc_empty_space height=&#8220;400px&#8220;][\/vc_column][vc_column css=&#8220;.vc_custom_1559141667521{padding-top: 0px [&hellip;]\" \/>\n<meta property=\"og:url\" content=\"https:\/\/www.arancioamaro.it\/de\/zimmer-201\/\" \/>\n<meta property=\"og:site_name\" content=\"ArancioAmaro Cannero Riviera\" \/>\n<meta property=\"article:publisher\" content=\"https:\/\/www.facebook.com\/arancioamaroristorantehotel\/\" \/>\n<meta property=\"article:modified_time\" content=\"2019-06-25T09:10:20+00:00\" \/>\n<meta property=\"og:image\" content=\"https:\/\/www.arancioamaro.it\/wp-content\/uploads\/2019\/05\/logo.png\" \/>\n\t<meta property=\"og:image:width\" content=\"114\" \/>\n\t<meta property=\"og:image:height\" content=\"113\" \/>\n\t<meta property=\"og:image:type\" content=\"image\/png\" \/>\n<meta name=\"twitter:card\" content=\"summary_large_image\" \/>\n<meta name=\"twitter:label1\" content=\"Gesch\u00e4tzte Lesezeit\" \/>\n\t<meta name=\"twitter:data1\" content=\"4\u00a0Minuten\" \/>\n<script type=\"application\/ld+json\" class=\"yoast-schema-graph\">{\"@context\":\"https:\/\/schema.org\",\"@graph\":[{\"@type\":\"WebPage\",\"@id\":\"https:\/\/www.arancioamaro.it\/de\/zimmer-201\/\",\"url\":\"https:\/\/www.arancioamaro.it\/de\/zimmer-201\/\",\"name\":\"Zimmer 201 | ArancioAmaro Cannero Riviera\",\"isPartOf\":{\"@id\":\"https:\/\/www.arancioamaro.it\/#website\"},\"datePublished\":\"2019-06-13T13:29:13+00:00\",\"dateModified\":\"2019-06-25T09:10:20+00:00\",\"breadcrumb\":{\"@id\":\"https:\/\/www.arancioamaro.it\/de\/zimmer-201\/#breadcrumb\"},\"inLanguage\":\"de\",\"potentialAction\":[{\"@type\":\"ReadAction\",\"target\":[\"https:\/\/www.arancioamaro.it\/de\/zimmer-201\/\"]}]},{\"@type\":\"BreadcrumbList\",\"@id\":\"https:\/\/www.arancioamaro.it\/de\/zimmer-201\/#breadcrumb\",\"itemListElement\":[{\"@type\":\"ListItem\",\"position\":1,\"name\":\"Home\",\"item\":\"https:\/\/www.arancioamaro.it\/de\/\"},{\"@type\":\"ListItem\",\"position\":2,\"name\":\"Zimmer 201\"}]},{\"@type\":\"WebSite\",\"@id\":\"https:\/\/www.arancioamaro.it\/#website\",\"url\":\"https:\/\/www.arancioamaro.it\/\",\"name\":\"Arancio Amaro Cannero Riviera\",\"description\":\"Boutique Hotel and Food\",\"publisher\":{\"@id\":\"https:\/\/www.arancioamaro.it\/#organization\"},\"potentialAction\":[{\"@type\":\"SearchAction\",\"target\":{\"@type\":\"EntryPoint\",\"urlTemplate\":\"https:\/\/www.arancioamaro.it\/?s={search_term_string}\"},\"query-input\":{\"@type\":\"PropertyValueSpecification\",\"valueRequired\":true,\"valueName\":\"search_term_string\"}}],\"inLanguage\":\"de\"},{\"@type\":\"Organization\",\"@id\":\"https:\/\/www.arancioamaro.it\/#organization\",\"name\":\"Arancioamaro Boutique Hotel e Ristorante Cannero\",\"url\":\"https:\/\/www.arancioamaro.it\/\",\"logo\":{\"@type\":\"ImageObject\",\"inLanguage\":\"de\",\"@id\":\"https:\/\/www.arancioamaro.it\/#\/schema\/logo\/image\/\",\"url\":\"https:\/\/www.arancioamaro.it\/wp-content\/uploads\/2019\/05\/logo.png\",\"contentUrl\":\"https:\/\/www.arancioamaro.it\/wp-content\/uploads\/2019\/05\/logo.png\",\"width\":114,\"height\":113,\"caption\":\"Arancioamaro Boutique Hotel e Ristorante Cannero\"},\"image\":{\"@id\":\"https:\/\/www.arancioamaro.it\/#\/schema\/logo\/image\/\"},\"sameAs\":[\"https:\/\/www.facebook.com\/arancioamaroristorantehotel\/\",\"https:\/\/www.instagram.com\/arancioamarocanneroriviera\/\"]}]}<\/script>\n<!-- \/ Yoast SEO plugin. -->","yoast_head_json":{"title":"Zimmer 201 | ArancioAmaro Cannero Riviera","robots":{"index":"index","follow":"follow","max-snippet":"max-snippet:-1","max-image-preview":"max-image-preview:large","max-video-preview":"max-video-preview:-1"},"canonical":"https:\/\/www.arancioamaro.it\/de\/zimmer-201\/","og_locale":"de_DE","og_type":"article","og_title":"Zimmer 201 | ArancioAmaro Cannero Riviera","og_description":"[vc_row equal_height=&#8220;yes&#8220; css_animation=&#8220;none&#8220; css=&#8220;.vc_custom_1559206975763{margin-top: 0px !important;padding-top: 12px !important;}&#8220; el_class=&#8220;bianco&#8220;][vc_column css=&#8220;.vc_custom_1559137536501{padding-right: 0px !important;padding-left: 0px !important;background-color: #849489 !important;}&#8220; offset=&#8220;vc_col-lg-12 vc_col-md-12 vc_col-xs-12&#8243;][\/vc_column][\/vc_row][vc_row equal_height=&#8220;yes&#8220; css_animation=&#8220;none&#8220; el_class=&#8220;panna&#8220; css=&#8220;.vc_custom_1559225165337{margin-top: 12px !important;}&#8220;][vc_column css=&#8220;.vc_custom_1560432948799{background-image: url(http:\/\/www.arancioamaro.it\/wp-content\/uploads\/2019\/06\/2-arancio-amaro-hotel-cannero-camera-201.jpg?id=5523) !important;background-position: center !important;background-repeat: no-repeat !important;background-size: cover !important;}&#8220; offset=&#8220;vc_col-lg-4 vc_col-md-12 vc_col-xs-12&#8243;][vc_empty_space height=&#8220;400px&#8220;][\/vc_column][vc_column css=&#8220;.vc_custom_1559141667521{padding-top: 0px [&hellip;]","og_url":"https:\/\/www.arancioamaro.it\/de\/zimmer-201\/","og_site_name":"ArancioAmaro Cannero Riviera","article_publisher":"https:\/\/www.facebook.com\/arancioamaroristorantehotel\/","article_modified_time":"2019-06-25T09:10:20+00:00","og_image":[{"width":114,"height":113,"url":"https:\/\/www.arancioamaro.it\/wp-content\/uploads\/2019\/05\/logo.png","type":"image\/png"}],"twitter_card":"summary_large_image","twitter_misc":{"Gesch\u00e4tzte Lesezeit":"4\u00a0Minuten"},"schema":{"@context":"https:\/\/schema.org","@graph":[{"@type":"WebPage","@id":"https:\/\/www.arancioamaro.it\/de\/zimmer-201\/","url":"https:\/\/www.arancioamaro.it\/de\/zimmer-201\/","name":"Zimmer 201 | ArancioAmaro Cannero Riviera","isPartOf":{"@id":"https:\/\/www.arancioamaro.it\/#website"},"datePublished":"2019-06-13T13:29:13+00:00","dateModified":"2019-06-25T09:10:20+00:00","breadcrumb":{"@id":"https:\/\/www.arancioamaro.it\/de\/zimmer-201\/#breadcrumb"},"inLanguage":"de","potentialAction":[{"@type":"ReadAction","target":["https:\/\/www.arancioamaro.it\/de\/zimmer-201\/"]}]},{"@type":"BreadcrumbList","@id":"https:\/\/www.arancioamaro.it\/de\/zimmer-201\/#breadcrumb","itemListElement":[{"@type":"ListItem","position":1,"name":"Home","item":"https:\/\/www.arancioamaro.it\/de\/"},{"@type":"ListItem","position":2,"name":"Zimmer 201"}]},{"@type":"WebSite","@id":"https:\/\/www.arancioamaro.it\/#website","url":"https:\/\/www.arancioamaro.it\/","name":"Arancio Amaro Cannero Riviera","description":"Boutique Hotel and Food","publisher":{"@id":"https:\/\/www.arancioamaro.it\/#organization"},"potentialAction":[{"@type":"SearchAction","target":{"@type":"EntryPoint","urlTemplate":"https:\/\/www.arancioamaro.it\/?s={search_term_string}"},"query-input":{"@type":"PropertyValueSpecification","valueRequired":true,"valueName":"search_term_string"}}],"inLanguage":"de"},{"@type":"Organization","@id":"https:\/\/www.arancioamaro.it\/#organization","name":"Arancioamaro Boutique Hotel e Ristorante Cannero","url":"https:\/\/www.arancioamaro.it\/","logo":{"@type":"ImageObject","inLanguage":"de","@id":"https:\/\/www.arancioamaro.it\/#\/schema\/logo\/image\/","url":"https:\/\/www.arancioamaro.it\/wp-content\/uploads\/2019\/05\/logo.png","contentUrl":"https:\/\/www.arancioamaro.it\/wp-content\/uploads\/2019\/05\/logo.png","width":114,"height":113,"caption":"Arancioamaro Boutique Hotel e Ristorante Cannero"},"image":{"@id":"https:\/\/www.arancioamaro.it\/#\/schema\/logo\/image\/"},"sameAs":["https:\/\/www.facebook.com\/arancioamaroristorantehotel\/","https:\/\/www.instagram.com\/arancioamarocanneroriviera\/"]}]}},"_links":{"self":[{"href":"https:\/\/www.arancioamaro.it\/de\/wp-json\/wp\/v2\/pages\/5808","targetHints":{"allow":["GET"]}}],"collection":[{"href":"https:\/\/www.arancioamaro.it\/de\/wp-json\/wp\/v2\/pages"}],"about":[{"href":"https:\/\/www.arancioamaro.it\/de\/wp-json\/wp\/v2\/types\/page"}],"author":[{"embeddable":true,"href":"https:\/\/www.arancioamaro.it\/de\/wp-json\/wp\/v2\/users\/1"}],"replies":[{"embeddable":true,"href":"https:\/\/www.arancioamaro.it\/de\/wp-json\/wp\/v2\/comments?post=5808"}],"version-history":[{"count":3,"href":"https:\/\/www.arancioamaro.it\/de\/wp-json\/wp\/v2\/pages\/5808\/revisions"}],"predecessor-version":[{"id":6055,"href":"https:\/\/www.arancioamaro.it\/de\/wp-json\/wp\/v2\/pages\/5808\/revisions\/6055"}],"wp:attachment":[{"href":"https:\/\/www.arancioamaro.it\/de\/wp-json\/wp\/v2\/media?parent=5808"}],"curies":[{"name":"wp","href":"https:\/\/api.w.org\/{rel}","templated":true}]}}