{"id":5855,"date":"2019-06-14T12:37:34","date_gmt":"2019-06-14T10:37:34","guid":{"rendered":"http:\/\/www.arancioamaro.it\/privacy-policy\/"},"modified":"2019-06-20T17:24:16","modified_gmt":"2019-06-20T15:24:16","slug":"privacy-policy","status":"publish","type":"page","link":"https:\/\/www.arancioamaro.it\/de\/privacy-policy\/","title":{"rendered":"Privacy Policy"},"content":{"rendered":"<p>[vc_row css=&#8220;.vc_custom_1559220555122{background-color: #849489 !important;}&#8220; el_class=&#8220;nomobile&#8220;][vc_column][vc_empty_space height=&#8220;200px&#8220;][\/vc_column][\/vc_row][vc_row css=&#8220;.vc_custom_1559227256688{margin-top: 0px !important;background-color: #849489 !important;}&#8220;][vc_column][vc_empty_space]<div class=\"mkd-elements-holder   mkd-one-column  mkd-responsive-mode-768 \" ><div class=\"mkd-eh-item    \"  data-item-class=\"mkd-eh-custom-5915\">\n\t<div class=\"mkd-eh-item-inner\">\n\t\t<div class=\"mkd-eh-item-content mkd-eh-custom-5915\" style=\"padding: 0 20% 20%\">\n\t\t\t[vc_column_text el_class=&#8220;verde&#8220;]<\/p>\n<h1 style=\"color: #eee4db;\">PRIVACY POLICY<\/h1>\n<p>[\/vc_column_text][vc_empty_space height=&#8220;50px&#8220;][vc_column_text el_class=&#8220;bianco&#8220;]La presente Privacy Policy ha lo scopo di descrivere le modalit\u00e0 di gestione di questo sito, in riferimento al trattamento dei dati personali degli utenti\/visitatori che lo consultano.<br \/>\nSi tratta di un&#8217;informativa che \u00e8 resa anche ai sensi dell&#8217;articolo 13 del D.Lgs. 196\/03 &#8211; Codice in materia di protezione dei dati personali &#8211; a coloro che si collegano al sito ARANCIOAMARO.IT<\/p>\n<p>L&#8217;informativa \u00e8 resa soltanto per il sito sopra menzionato e non anche per altri siti web eventualmente consultati dall&#8217;utente tramite appositi link.<\/p>\n<p>Informiamo che, ai sensi del d.lgs. 196\/2003, il responsabile dati di ARANCIOAMARO.IT \u00e8 ARANCIOAMARO srl, per quanto riguarda i dati forniti per completare la navigazione e\/o per inviare messaggi, iscrizioni e\/o materiali forniti online.<\/p>\n<p>&nbsp;<\/p>\n<p><strong>Modalit\u00e0 del trattamento<\/strong><br \/>\nPer il trattamento di dati personali si intende la loro raccolta, registrazione, organizzazione, conservazione, elaborazione, modificazione, selezione, estrazione, raffronto, utilizzo, interconnessione, blocco, comunicazione, diffusione, cancellazione e distruzione ovvero la combinazione di due o pi\u00f9 di tali operazioni e che possano essere utilizzati per finalit\u00e0 promozionali, e\/o per statistiche ovvero per l&#8217;invio di materiale redazionale, mediante consultazione, elaborazione, o raffronto.<\/p>\n<p>Il trattamento dei dati avverr\u00e0 mediante strumenti idonei a garantirne la sicurezza e la riservatezza e potr\u00e0 essere effettuato anche attraverso strumenti automatizzati atti a memorizzare, gestire e trasmettere i dati stessi.<\/p>\n<p>&nbsp;<\/p>\n<p><strong>Diritti degli interessati<\/strong><br \/>\nInformiamo inoltre che la legge conferisce al cittadino la possibilit\u00e0 di avvalersi di specifici diritti: l&#8217;interessato pu\u00f2 ottenere l&#8217;informazione dell&#8217;esistenza o meno dei propri dati personali richiedendo la messa a disposizione degli stessi in maniera intelligibile. Pu\u00f2 altres\u00ec ottenere la cancellazione, la trasformazione, o il blocco dei dati trattati in violazione di legge nonch\u00e9 l&#8217;aggiornamento, la rettificazione, o, se vi \u00e8 interesse, l&#8217;integrazione dei dati ed opporsi, per motivi legittimi, al trattamento stesso.<\/p>\n<p>&nbsp;<\/p>\n<p><strong>Maggiori informazioni<\/strong><br \/>\nUlteriori informazioni in ordine al trattamento ed alla comunicazione di dati personali potranno essere richieste a ARANCIOAMARO srl, all&#8217;indirizzo e-mail: info@arancioamaro.it[\/vc_column_text]\t\t<\/div>\n\t<\/div>\n<\/div><\/div>[\/vc_column][\/vc_row]<\/p>\n","protected":false},"excerpt":{"rendered":"<p>[vc_row css=&#8220;.vc_custom_1559220555122{background-color: #849489 !important;}&#8220; el_class=&#8220;nomobile&#8220;][vc_column][vc_empty_space height=&#8220;200px&#8220;][\/vc_column][\/vc_row][vc_row css=&#8220;.vc_custom_1559227256688{margin-top: 0px !important;background-color: #849489 !important;}&#8220;][vc_column][vc_empty_space][\/vc_column][\/vc_row]<\/p>\n","protected":false},"author":1,"featured_media":0,"parent":0,"menu_order":0,"comment_status":"closed","ping_status":"closed","template":"full-width.php","meta":{"footnotes":""},"class_list":["post-5855","page","type-page","status-publish","hentry"],"yoast_head":"<!-- This site is optimized with the Yoast SEO plugin v25.2 - https:\/\/yoast.com\/wordpress\/plugins\/seo\/ -->\n<title>Privacy Policy | ArancioAmaro Cannero Riviera<\/title>\n<meta name=\"robots\" content=\"index, follow, max-snippet:-1, max-image-preview:large, max-video-preview:-1\" \/>\n<link rel=\"canonical\" href=\"https:\/\/www.arancioamaro.it\/de\/privacy-policy\/\" \/>\n<meta property=\"og:locale\" content=\"de_DE\" \/>\n<meta property=\"og:type\" content=\"article\" \/>\n<meta property=\"og:title\" content=\"Privacy Policy | ArancioAmaro Cannero Riviera\" \/>\n<meta property=\"og:description\" content=\"[vc_row css=&#8220;.vc_custom_1559220555122{background-color: #849489 !important;}&#8220; el_class=&#8220;nomobile&#8220;][vc_column][vc_empty_space height=&#8220;200px&#8220;][\/vc_column][\/vc_row][vc_row css=&#8220;.vc_custom_1559227256688{margin-top: 0px !important;background-color: #849489 !important;}&#8220;][vc_column][vc_empty_space][\/vc_column][\/vc_row]\" \/>\n<meta property=\"og:url\" content=\"https:\/\/www.arancioamaro.it\/de\/privacy-policy\/\" \/>\n<meta property=\"og:site_name\" content=\"ArancioAmaro Cannero Riviera\" \/>\n<meta property=\"article:publisher\" content=\"https:\/\/www.facebook.com\/arancioamaroristorantehotel\/\" \/>\n<meta property=\"article:modified_time\" content=\"2019-06-20T15:24:16+00:00\" \/>\n<meta property=\"og:image\" content=\"https:\/\/www.arancioamaro.it\/wp-content\/uploads\/2019\/05\/logo.png\" \/>\n\t<meta property=\"og:image:width\" content=\"114\" \/>\n\t<meta property=\"og:image:height\" content=\"113\" \/>\n\t<meta property=\"og:image:type\" content=\"image\/png\" \/>\n<meta name=\"twitter:card\" content=\"summary_large_image\" \/>\n<meta name=\"twitter:label1\" content=\"Gesch\u00e4tzte Lesezeit\" \/>\n\t<meta name=\"twitter:data1\" content=\"2\u00a0Minuten\" \/>\n<script type=\"application\/ld+json\" class=\"yoast-schema-graph\">{\"@context\":\"https:\/\/schema.org\",\"@graph\":[{\"@type\":\"WebPage\",\"@id\":\"https:\/\/www.arancioamaro.it\/de\/privacy-policy\/\",\"url\":\"https:\/\/www.arancioamaro.it\/de\/privacy-policy\/\",\"name\":\"Privacy Policy | ArancioAmaro Cannero Riviera\",\"isPartOf\":{\"@id\":\"https:\/\/www.arancioamaro.it\/#website\"},\"datePublished\":\"2019-06-14T10:37:34+00:00\",\"dateModified\":\"2019-06-20T15:24:16+00:00\",\"breadcrumb\":{\"@id\":\"https:\/\/www.arancioamaro.it\/de\/privacy-policy\/#breadcrumb\"},\"inLanguage\":\"de\",\"potentialAction\":[{\"@type\":\"ReadAction\",\"target\":[\"https:\/\/www.arancioamaro.it\/de\/privacy-policy\/\"]}]},{\"@type\":\"BreadcrumbList\",\"@id\":\"https:\/\/www.arancioamaro.it\/de\/privacy-policy\/#breadcrumb\",\"itemListElement\":[{\"@type\":\"ListItem\",\"position\":1,\"name\":\"Home\",\"item\":\"https:\/\/www.arancioamaro.it\/de\/\"},{\"@type\":\"ListItem\",\"position\":2,\"name\":\"Privacy Policy\"}]},{\"@type\":\"WebSite\",\"@id\":\"https:\/\/www.arancioamaro.it\/#website\",\"url\":\"https:\/\/www.arancioamaro.it\/\",\"name\":\"Arancio Amaro Cannero Riviera\",\"description\":\"Boutique Hotel and Food\",\"publisher\":{\"@id\":\"https:\/\/www.arancioamaro.it\/#organization\"},\"potentialAction\":[{\"@type\":\"SearchAction\",\"target\":{\"@type\":\"EntryPoint\",\"urlTemplate\":\"https:\/\/www.arancioamaro.it\/?s={search_term_string}\"},\"query-input\":{\"@type\":\"PropertyValueSpecification\",\"valueRequired\":true,\"valueName\":\"search_term_string\"}}],\"inLanguage\":\"de\"},{\"@type\":\"Organization\",\"@id\":\"https:\/\/www.arancioamaro.it\/#organization\",\"name\":\"Arancioamaro Boutique Hotel e Ristorante Cannero\",\"url\":\"https:\/\/www.arancioamaro.it\/\",\"logo\":{\"@type\":\"ImageObject\",\"inLanguage\":\"de\",\"@id\":\"https:\/\/www.arancioamaro.it\/#\/schema\/logo\/image\/\",\"url\":\"https:\/\/www.arancioamaro.it\/wp-content\/uploads\/2019\/05\/logo.png\",\"contentUrl\":\"https:\/\/www.arancioamaro.it\/wp-content\/uploads\/2019\/05\/logo.png\",\"width\":114,\"height\":113,\"caption\":\"Arancioamaro Boutique Hotel e Ristorante Cannero\"},\"image\":{\"@id\":\"https:\/\/www.arancioamaro.it\/#\/schema\/logo\/image\/\"},\"sameAs\":[\"https:\/\/www.facebook.com\/arancioamaroristorantehotel\/\",\"https:\/\/www.instagram.com\/arancioamarocanneroriviera\/\"]}]}<\/script>\n<!-- \/ Yoast SEO plugin. -->","yoast_head_json":{"title":"Privacy Policy | ArancioAmaro Cannero Riviera","robots":{"index":"index","follow":"follow","max-snippet":"max-snippet:-1","max-image-preview":"max-image-preview:large","max-video-preview":"max-video-preview:-1"},"canonical":"https:\/\/www.arancioamaro.it\/de\/privacy-policy\/","og_locale":"de_DE","og_type":"article","og_title":"Privacy Policy | ArancioAmaro Cannero Riviera","og_description":"[vc_row css=&#8220;.vc_custom_1559220555122{background-color: #849489 !important;}&#8220; el_class=&#8220;nomobile&#8220;][vc_column][vc_empty_space height=&#8220;200px&#8220;][\/vc_column][\/vc_row][vc_row css=&#8220;.vc_custom_1559227256688{margin-top: 0px !important;background-color: #849489 !important;}&#8220;][vc_column][vc_empty_space][\/vc_column][\/vc_row]","og_url":"https:\/\/www.arancioamaro.it\/de\/privacy-policy\/","og_site_name":"ArancioAmaro Cannero Riviera","article_publisher":"https:\/\/www.facebook.com\/arancioamaroristorantehotel\/","article_modified_time":"2019-06-20T15:24:16+00:00","og_image":[{"width":114,"height":113,"url":"https:\/\/www.arancioamaro.it\/wp-content\/uploads\/2019\/05\/logo.png","type":"image\/png"}],"twitter_card":"summary_large_image","twitter_misc":{"Gesch\u00e4tzte Lesezeit":"2\u00a0Minuten"},"schema":{"@context":"https:\/\/schema.org","@graph":[{"@type":"WebPage","@id":"https:\/\/www.arancioamaro.it\/de\/privacy-policy\/","url":"https:\/\/www.arancioamaro.it\/de\/privacy-policy\/","name":"Privacy Policy | ArancioAmaro Cannero Riviera","isPartOf":{"@id":"https:\/\/www.arancioamaro.it\/#website"},"datePublished":"2019-06-14T10:37:34+00:00","dateModified":"2019-06-20T15:24:16+00:00","breadcrumb":{"@id":"https:\/\/www.arancioamaro.it\/de\/privacy-policy\/#breadcrumb"},"inLanguage":"de","potentialAction":[{"@type":"ReadAction","target":["https:\/\/www.arancioamaro.it\/de\/privacy-policy\/"]}]},{"@type":"BreadcrumbList","@id":"https:\/\/www.arancioamaro.it\/de\/privacy-policy\/#breadcrumb","itemListElement":[{"@type":"ListItem","position":1,"name":"Home","item":"https:\/\/www.arancioamaro.it\/de\/"},{"@type":"ListItem","position":2,"name":"Privacy Policy"}]},{"@type":"WebSite","@id":"https:\/\/www.arancioamaro.it\/#website","url":"https:\/\/www.arancioamaro.it\/","name":"Arancio Amaro Cannero Riviera","description":"Boutique Hotel and Food","publisher":{"@id":"https:\/\/www.arancioamaro.it\/#organization"},"potentialAction":[{"@type":"SearchAction","target":{"@type":"EntryPoint","urlTemplate":"https:\/\/www.arancioamaro.it\/?s={search_term_string}"},"query-input":{"@type":"PropertyValueSpecification","valueRequired":true,"valueName":"search_term_string"}}],"inLanguage":"de"},{"@type":"Organization","@id":"https:\/\/www.arancioamaro.it\/#organization","name":"Arancioamaro Boutique Hotel e Ristorante Cannero","url":"https:\/\/www.arancioamaro.it\/","logo":{"@type":"ImageObject","inLanguage":"de","@id":"https:\/\/www.arancioamaro.it\/#\/schema\/logo\/image\/","url":"https:\/\/www.arancioamaro.it\/wp-content\/uploads\/2019\/05\/logo.png","contentUrl":"https:\/\/www.arancioamaro.it\/wp-content\/uploads\/2019\/05\/logo.png","width":114,"height":113,"caption":"Arancioamaro Boutique Hotel e Ristorante Cannero"},"image":{"@id":"https:\/\/www.arancioamaro.it\/#\/schema\/logo\/image\/"},"sameAs":["https:\/\/www.facebook.com\/arancioamaroristorantehotel\/","https:\/\/www.instagram.com\/arancioamarocanneroriviera\/"]}]}},"_links":{"self":[{"href":"https:\/\/www.arancioamaro.it\/de\/wp-json\/wp\/v2\/pages\/5855","targetHints":{"allow":["GET"]}}],"collection":[{"href":"https:\/\/www.arancioamaro.it\/de\/wp-json\/wp\/v2\/pages"}],"about":[{"href":"https:\/\/www.arancioamaro.it\/de\/wp-json\/wp\/v2\/types\/page"}],"author":[{"embeddable":true,"href":"https:\/\/www.arancioamaro.it\/de\/wp-json\/wp\/v2\/users\/1"}],"replies":[{"embeddable":true,"href":"https:\/\/www.arancioamaro.it\/de\/wp-json\/wp\/v2\/comments?post=5855"}],"version-history":[{"count":1,"href":"https:\/\/www.arancioamaro.it\/de\/wp-json\/wp\/v2\/pages\/5855\/revisions"}],"predecessor-version":[{"id":5856,"href":"https:\/\/www.arancioamaro.it\/de\/wp-json\/wp\/v2\/pages\/5855\/revisions\/5856"}],"wp:attachment":[{"href":"https:\/\/www.arancioamaro.it\/de\/wp-json\/wp\/v2\/media?parent=5855"}],"curies":[{"name":"wp","href":"https:\/\/api.w.org\/{rel}","templated":true}]}}