{"id":5687,"date":"2019-05-30T10:53:59","date_gmt":"2019-05-30T08:53:59","guid":{"rendered":"http:\/\/www.arancioamaro.it\/camera-101\/"},"modified":"2019-06-25T11:11:35","modified_gmt":"2019-06-25T09:11:35","slug":"chambre-101","status":"publish","type":"page","link":"https:\/\/www.arancioamaro.it\/fr\/chambre-101\/","title":{"rendered":"Chambre 101"},"content":{"rendered":"<p>[vc_row equal_height=\u00a0\u00bbyes\u00a0\u00bb css_animation=\u00a0\u00bbnone\u00a0\u00bb css=\u00a0\u00bb.vc_custom_1559206975763{margin-top: 0px !important;padding-top: 12px !important;}\u00a0\u00bb el_class=\u00a0\u00bbbianco\u00a0\u00bb][vc_column css=\u00a0\u00bb.vc_custom_1559137536501{padding-right: 0px !important;padding-left: 0px !important;background-color: #849489 !important;}\u00a0\u00bb offset=\u00a0\u00bbvc_col-lg-12 vc_col-md-12 vc_col-xs-12&Prime;]<div class=\"mkd-animation-holder mkd-fade-in-down\" data-animation=\"mkd-fade-in-down\" data-animation-delay=\"500\"><div class=\"mkd-animation-inner\"><div class=\"mkd-elements-holder   mkd-one-column  mkd-responsive-mode-768 \" ><div class=\"mkd-eh-item    \"  data-item-class=\"mkd-eh-custom-1370\" data-1280-1600=\"6% 24% 9% 24%\" data-1024-1280=\"6% 24% 9% 24%\" data-768-1024=\"6% 24% 9% 24%\" data-680-768=\"6% 9% 12% 9%\" data-680=\"6% 9% 12% 9%\">\n\t<div class=\"mkd-eh-item-inner\">\n\t\t<div class=\"mkd-eh-item-content mkd-eh-custom-1370\" style=\"padding: 6% 24% 9% 24%\">\n\t\t\t[vc_column_text]<\/p>\n<h5 style=\"text-align: center;\">CHALEUREUSE ET ACCUEILLANTE<\/h5>\n<p>[\/vc_column_text][vc_column_text]<\/p>\n<h6 style=\"text-align: center;\">Chaleureuse et accueillante gr\u00e2ce \u00e0 sa couleur dominante, le rouge vermeil, et son magnifique parquet, la 101 est la seule des chambres de l\u2019Arancioamaro \u00e0 ne pas donner sur le lac.<br \/>\nCette chambre dispose d&rsquo;une grande salle de bains avec douche con\u00e7ue pour les personnes qui ont du mal \u00e0 se d\u00e9placer.<\/h6>\n<p>[\/vc_column_text]\t\t<\/div>\n\t<\/div>\n<\/div><\/div><\/div><\/div>[\/vc_column][\/vc_row][vc_row equal_height=\u00a0\u00bbyes\u00a0\u00bb css_animation=\u00a0\u00bbnone\u00a0\u00bb el_class=\u00a0\u00bbpanna\u00a0\u00bb css=\u00a0\u00bb.vc_custom_1559225165337{margin-top: 12px !important;}\u00a0\u00bb][vc_column css=\u00a0\u00bb.vc_custom_1560266007024{background-image: url(http:\/\/www.arancioamaro.it\/wp-content\/uploads\/2019\/06\/arancio-amaro-hotel-cannero-camera-101-1.jpg?id=5461) !important;background-position: center !important;background-repeat: no-repeat !important;background-size: cover !important;}\u00a0\u00bb offset=\u00a0\u00bbvc_col-lg-4 vc_col-md-12 vc_col-xs-12&Prime;][vc_empty_space height=\u00a0\u00bb400px\u00a0\u00bb][\/vc_column][vc_column css=\u00a0\u00bb.vc_custom_1559141667521{padding-top: 0px !important;padding-right: 0px !important;padding-bottom: 0px !important;padding-left: 12px !important;}\u00a0\u00bb offset=\u00a0\u00bbvc_col-lg-8 vc_col-md-12 vc_col-xs-12&Prime;]<div class=\"mkd-elements-holder   mkd-one-column  mkd-responsive-mode-768 \" ><div class=\"mkd-eh-item    \"  data-item-class=\"mkd-eh-custom-6915\" data-1280-1600=\"0px\" data-1024-1280=\"0px\" data-768-1024=\"0%\" data-680-768=\"0%\" data-680=\"0%\">\n\t<div class=\"mkd-eh-item-inner\">\n\t\t<div class=\"mkd-eh-item-content mkd-eh-custom-6915\" style=\"padding: 0px\">\n\t\t\t<div class=\"mkd-single-image-holder     \">\n    <div class=\"mkd-si-inner\" >\n                                    <img loading=\"lazy\" decoding=\"async\" width=\"1290\" height=\"700\" src=\"https:\/\/www.arancioamaro.it\/wp-content\/uploads\/2019\/06\/arancio-amaro-hotel-cannero-camera-101.jpg\" class=\"attachment-full size-full\" alt=\"\" srcset=\"https:\/\/www.arancioamaro.it\/wp-content\/uploads\/2019\/06\/arancio-amaro-hotel-cannero-camera-101.jpg 1290w, https:\/\/www.arancioamaro.it\/wp-content\/uploads\/2019\/06\/arancio-amaro-hotel-cannero-camera-101-300x163.jpg 300w, https:\/\/www.arancioamaro.it\/wp-content\/uploads\/2019\/06\/arancio-amaro-hotel-cannero-camera-101-768x417.jpg 768w, https:\/\/www.arancioamaro.it\/wp-content\/uploads\/2019\/06\/arancio-amaro-hotel-cannero-camera-101-1024x556.jpg 1024w, https:\/\/www.arancioamaro.it\/wp-content\/uploads\/2019\/06\/arancio-amaro-hotel-cannero-camera-101-600x326.jpg 600w\" sizes=\"auto, (max-width: 1290px) 100vw, 1290px\" \/>                                <\/div>\n<\/div>\t\t<\/div>\n\t<\/div>\n<\/div><\/div>[\/vc_column][\/vc_row][vc_row equal_height=\u00a0\u00bbyes\u00a0\u00bb css_animation=\u00a0\u00bbnone\u00a0\u00bb el_class=\u00a0\u00bbverde\u00a0\u00bb css=\u00a0\u00bb.vc_custom_1559139323877{margin-top: 12px !important;}\u00a0\u00bb][vc_column css=\u00a0\u00bb.vc_custom_1517387242406{padding-top: 0px !important;padding-right: 0px !important;padding-bottom: 0px !important;background-position: center !important;background-repeat: no-repeat !important;background-size: cover !important;}\u00a0\u00bb offset=\u00a0\u00bbvc_col-lg-8 vc_col-md-12 vc_col-xs-12&Prime;]<div class=\"mkd-elements-holder   mkd-one-column  mkd-responsive-mode-768 \" ><div class=\"mkd-eh-item    \"  data-item-class=\"mkd-eh-custom-1019\" data-1280-1600=\"0px\" data-1024-1280=\"0px\" data-768-1024=\"0%\" data-680-768=\"0%\" data-680=\"0%\">\n\t<div class=\"mkd-eh-item-inner\">\n\t\t<div class=\"mkd-eh-item-content mkd-eh-custom-1019\" style=\"padding: 0px\">\n\t\t\t<div class=\"mkd-single-image-holder     \">\n    <div class=\"mkd-si-inner\" >\n                                    <img loading=\"lazy\" decoding=\"async\" width=\"1290\" height=\"800\" src=\"https:\/\/www.arancioamaro.it\/wp-content\/uploads\/2019\/06\/arancio-amaro-hotel-cannero-camera-101-3.jpg\" class=\"attachment-full size-full\" alt=\"\" srcset=\"https:\/\/www.arancioamaro.it\/wp-content\/uploads\/2019\/06\/arancio-amaro-hotel-cannero-camera-101-3.jpg 1290w, https:\/\/www.arancioamaro.it\/wp-content\/uploads\/2019\/06\/arancio-amaro-hotel-cannero-camera-101-3-300x186.jpg 300w, https:\/\/www.arancioamaro.it\/wp-content\/uploads\/2019\/06\/arancio-amaro-hotel-cannero-camera-101-3-768x476.jpg 768w, https:\/\/www.arancioamaro.it\/wp-content\/uploads\/2019\/06\/arancio-amaro-hotel-cannero-camera-101-3-1024x635.jpg 1024w, https:\/\/www.arancioamaro.it\/wp-content\/uploads\/2019\/06\/arancio-amaro-hotel-cannero-camera-101-3-600x372.jpg 600w\" sizes=\"auto, (max-width: 1290px) 100vw, 1290px\" \/>                                <\/div>\n<\/div>\t\t<\/div>\n\t<\/div>\n<\/div><\/div>[\/vc_column][vc_column css=\u00a0\u00bb.vc_custom_1559142548197{margin-left: 12px !important;padding-right: 0px !important;padding-left: 0px !important;background-color: #eee4db !important;}\u00a0\u00bb offset=\u00a0\u00bbvc_col-lg-4 vc_col-md-12 vc_col-xs-12&Prime;]<div class=\"mkd-animation-holder mkd-element-from-fade\" data-animation=\"mkd-element-from-fade\" data-animation-delay=\"500\"><div class=\"mkd-animation-inner\"><div class=\"mkd-elements-holder   mkd-one-column  mkd-responsive-mode-768 \" ><div class=\"mkd-eh-item   mkd-horizontal-alignment-center \"  data-item-class=\"mkd-eh-custom-6703\" data-1280-1600=\"20% 13% 15% 10%\" data-1024-1280=\"8% 10% 12% 10%\" data-768-1024=\"8% 10% 12% 10%\" data-680-768=\"8% 10% 12% 10%\" data-680=\"8% 10% 12% 10%\">\n\t<div class=\"mkd-eh-item-inner\">\n\t\t<div class=\"mkd-eh-item-content mkd-eh-custom-6703\" style=\"padding: 20% 13% 15% 10%\">\n\t\t\t[vc_column_text]<\/p>\n<h3 style=\"text-align: center;\"><strong>DANS LA CHAMBRE<\/strong><\/h3>\n<p>Minibar, coffre-fort, TV, Wi-Fi gratuit, t\u00e9l\u00e9phone, air conditionn\u00e9 et chauffage, salle de bains priv\u00e9e avec douche, s\u00e8che-cheveux et produits pour la toilette, pantoufles, bouilloire \u00e9lectrique, armoire et garde-robe, serviettes, place de parking r\u00e9serv\u00e9e et gratuite sans r\u00e9servation \u00e0 30 m de l&rsquo;h\u00f4tel.[\/vc_column_text][vc_empty_space height=\u00a0\u00bb45px\u00a0\u00bb]<a itemprop=\"url\" href=\"\/fr\/reservez\/\" target=\"_self\" style=\"text-transform: uppercase;margin: 0 0 0 4px\" class=\"mkd-btn mkd-btn-medium mkd-btn-outline\"  >\n    <span class=\"mkd-btn-text\">R\u00c9SERVEZ CHAMBRE<\/span>\n        <\/a>\t\t<\/div>\n\t<\/div>\n<\/div><\/div><\/div><\/div>[\/vc_column][\/vc_row][vc_row content_placement=\u00a0\u00bbmiddle\u00a0\u00bb content_text_aligment=\u00a0\u00bbcenter\u00a0\u00bb el_class=\u00a0\u00bbpanna\u00a0\u00bb css=\u00a0\u00bb.vc_custom_1559209196879{margin-top: 12px !important;background-color: #849489 !important;}\u00a0\u00bb][vc_column][vc_row_inner content_placement=\u00a0\u00bbmiddle\u00a0\u00bb][vc_column_inner][vc_empty_space height=\u00a0\u00bb100px\u00a0\u00bb][vc_column_text]<\/p>\n<h3 style=\"text-align: center;\"><strong>VIVEZ DES EXP\u00c9RIENCES INOUBLIABLES <\/strong> SUR LE LAC<\/h3>\n<p>[\/vc_column_text][vc_empty_space height=\u00a0\u00bb20px\u00a0\u00bb]<a itemprop=\"url\" href=\"\/fr\/experiences\/\" target=\"_self\" style=\"text-transform: uppercase;margin: 0 0 0 4px\" class=\"mkd-btn mkd-btn-medium mkd-btn-outline\"  >\n    <span class=\"mkd-btn-text\">EN SAVOIR PLUS<\/span>\n        <\/a>[vc_empty_space height=\u00a0\u00bb160px\u00a0\u00bb][\/vc_column_inner][\/vc_row_inner][\/vc_column][\/vc_row][vc_row parallax_background_image=\u00a0\u00bb5093&Prime; el_class=\u00a0\u00bbpanna\u00a0\u00bb css=\u00a0\u00bb.vc_custom_1559145436635{margin-top: 12px !important;}\u00a0\u00bb][vc_column][vc_empty_space height=\u00a0\u00bb250px\u00a0\u00bb][vc_row_inner][vc_column_inner width=\u00a0\u00bb1\/4&Prime;][\/vc_column_inner][vc_column_inner width=\u00a0\u00bb1\/2&Prime; css=\u00a0\u00bb.vc_custom_1559145368555{padding-bottom: 45px !important;background-color: rgba(132,148,137,0.71) !important;*background-color: rgb(132,148,137) !important;}\u00a0\u00bb][vc_column_text]<\/p>\n<h3 style=\"text-align: center;\"><a href=\"\/fr\/reservez\/\"><strong>R\u00c9SERVEZ <\/strong> D\u00c8S MAINTENANT<\/a><\/h3>\n<p>[\/vc_column_text][\/vc_column_inner][vc_column_inner width=\u00a0\u00bb1\/4&Prime;][\/vc_column_inner][\/vc_row_inner][vc_empty_space height=\u00a0\u00bb250px\u00a0\u00bb][\/vc_column][\/vc_row]<\/p>\n","protected":false},"excerpt":{"rendered":"<p>[vc_row equal_height=\u00a0\u00bbyes\u00a0\u00bb css_animation=\u00a0\u00bbnone\u00a0\u00bb css=\u00a0\u00bb.vc_custom_1559206975763{margin-top: 0px !important;padding-top: 12px !important;}\u00a0\u00bb el_class=\u00a0\u00bbbianco\u00a0\u00bb][vc_column css=\u00a0\u00bb.vc_custom_1559137536501{padding-right: 0px !important;padding-left: 0px !important;background-color: #849489 !important;}\u00a0\u00bb offset=\u00a0\u00bbvc_col-lg-12 vc_col-md-12 vc_col-xs-12&Prime;][\/vc_column][\/vc_row][vc_row equal_height=\u00a0\u00bbyes\u00a0\u00bb css_animation=\u00a0\u00bbnone\u00a0\u00bb el_class=\u00a0\u00bbpanna\u00a0\u00bb css=\u00a0\u00bb.vc_custom_1559225165337{margin-top: 12px !important;}\u00a0\u00bb][vc_column css=\u00a0\u00bb.vc_custom_1560266007024{background-image: url(http:\/\/www.arancioamaro.it\/wp-content\/uploads\/2019\/06\/arancio-amaro-hotel-cannero-camera-101-1.jpg?id=5461) !important;background-position: center !important;background-repeat: no-repeat !important;background-size: cover !important;}\u00a0\u00bb offset=\u00a0\u00bbvc_col-lg-4 vc_col-md-12 vc_col-xs-12&Prime;][vc_empty_space height=\u00a0\u00bb400px\u00a0\u00bb][\/vc_column][vc_column css=\u00a0\u00bb.vc_custom_1559141667521{padding-top: 0px [&hellip;]<\/p>\n","protected":false},"author":1,"featured_media":0,"parent":0,"menu_order":0,"comment_status":"closed","ping_status":"closed","template":"full-width.php","meta":{"footnotes":""},"class_list":["post-5687","page","type-page","status-publish","hentry"],"yoast_head":"<!-- This site is optimized with the Yoast SEO plugin v25.2 - https:\/\/yoast.com\/wordpress\/plugins\/seo\/ -->\n<title>Chambre 101 | ArancioAmaro Cannero Riviera<\/title>\n<meta name=\"robots\" content=\"index, follow, max-snippet:-1, max-image-preview:large, max-video-preview:-1\" \/>\n<link rel=\"canonical\" href=\"https:\/\/www.arancioamaro.it\/camera-101\/\" \/>\n<meta property=\"og:locale\" content=\"fr_FR\" \/>\n<meta property=\"og:type\" content=\"article\" \/>\n<meta property=\"og:title\" content=\"Chambre 101 | ArancioAmaro Cannero Riviera\" \/>\n<meta property=\"og:description\" content=\"[vc_row equal_height=\u00a0\u00bbyes\u00a0\u00bb css_animation=\u00a0\u00bbnone\u00a0\u00bb css=\u00a0\u00bb.vc_custom_1559206975763{margin-top: 0px !important;padding-top: 12px !important;}\u00a0\u00bb el_class=\u00a0\u00bbbianco\u00a0\u00bb][vc_column css=\u00a0\u00bb.vc_custom_1559137536501{padding-right: 0px !important;padding-left: 0px !important;background-color: #849489 !important;}\u00a0\u00bb offset=\u00a0\u00bbvc_col-lg-12 vc_col-md-12 vc_col-xs-12&Prime;][\/vc_column][\/vc_row][vc_row equal_height=\u00a0\u00bbyes\u00a0\u00bb css_animation=\u00a0\u00bbnone\u00a0\u00bb el_class=\u00a0\u00bbpanna\u00a0\u00bb css=\u00a0\u00bb.vc_custom_1559225165337{margin-top: 12px !important;}\u00a0\u00bb][vc_column css=\u00a0\u00bb.vc_custom_1560266007024{background-image: url(http:\/\/www.arancioamaro.it\/wp-content\/uploads\/2019\/06\/arancio-amaro-hotel-cannero-camera-101-1.jpg?id=5461) !important;background-position: center !important;background-repeat: no-repeat !important;background-size: cover !important;}\u00a0\u00bb offset=\u00a0\u00bbvc_col-lg-4 vc_col-md-12 vc_col-xs-12&Prime;][vc_empty_space height=\u00a0\u00bb400px\u00a0\u00bb][\/vc_column][vc_column css=\u00a0\u00bb.vc_custom_1559141667521{padding-top: 0px [&hellip;]\" \/>\n<meta property=\"og:url\" content=\"https:\/\/www.arancioamaro.it\/camera-101\/\" \/>\n<meta property=\"og:site_name\" content=\"ArancioAmaro Cannero Riviera\" \/>\n<meta property=\"article:publisher\" content=\"https:\/\/www.facebook.com\/arancioamaroristorantehotel\/\" \/>\n<meta property=\"article:modified_time\" content=\"2019-06-25T09:11:35+00:00\" \/>\n<meta property=\"og:image\" content=\"https:\/\/www.arancioamaro.it\/wp-content\/uploads\/2019\/05\/logo.png\" \/>\n\t<meta property=\"og:image:width\" content=\"114\" \/>\n\t<meta property=\"og:image:height\" content=\"113\" \/>\n\t<meta property=\"og:image:type\" content=\"image\/png\" \/>\n<meta name=\"twitter:card\" content=\"summary_large_image\" \/>\n<meta name=\"twitter:label1\" content=\"Dur\u00e9e de lecture estim\u00e9e\" \/>\n\t<meta name=\"twitter:data1\" content=\"4 minutes\" \/>\n<script type=\"application\/ld+json\" class=\"yoast-schema-graph\">{\"@context\":\"https:\/\/schema.org\",\"@graph\":[{\"@type\":\"WebPage\",\"@id\":\"https:\/\/www.arancioamaro.it\/camera-101\/\",\"url\":\"https:\/\/www.arancioamaro.it\/camera-101\/\",\"name\":\"Chambre 101 | ArancioAmaro Cannero Riviera\",\"isPartOf\":{\"@id\":\"https:\/\/www.arancioamaro.it\/#website\"},\"datePublished\":\"2019-05-30T08:53:59+00:00\",\"dateModified\":\"2019-06-25T09:11:35+00:00\",\"breadcrumb\":{\"@id\":\"https:\/\/www.arancioamaro.it\/camera-101\/#breadcrumb\"},\"inLanguage\":\"fr-FR\",\"potentialAction\":[{\"@type\":\"ReadAction\",\"target\":[\"https:\/\/www.arancioamaro.it\/camera-101\/\"]}]},{\"@type\":\"BreadcrumbList\",\"@id\":\"https:\/\/www.arancioamaro.it\/camera-101\/#breadcrumb\",\"itemListElement\":[{\"@type\":\"ListItem\",\"position\":1,\"name\":\"Home\",\"item\":\"https:\/\/www.arancioamaro.it\/fr\/\"},{\"@type\":\"ListItem\",\"position\":2,\"name\":\"Chambre 101\"}]},{\"@type\":\"WebSite\",\"@id\":\"https:\/\/www.arancioamaro.it\/#website\",\"url\":\"https:\/\/www.arancioamaro.it\/\",\"name\":\"Arancio Amaro Cannero Riviera\",\"description\":\"Boutique Hotel and Food\",\"publisher\":{\"@id\":\"https:\/\/www.arancioamaro.it\/#organization\"},\"potentialAction\":[{\"@type\":\"SearchAction\",\"target\":{\"@type\":\"EntryPoint\",\"urlTemplate\":\"https:\/\/www.arancioamaro.it\/?s={search_term_string}\"},\"query-input\":{\"@type\":\"PropertyValueSpecification\",\"valueRequired\":true,\"valueName\":\"search_term_string\"}}],\"inLanguage\":\"fr-FR\"},{\"@type\":\"Organization\",\"@id\":\"https:\/\/www.arancioamaro.it\/#organization\",\"name\":\"Arancioamaro Boutique Hotel e Ristorante Cannero\",\"url\":\"https:\/\/www.arancioamaro.it\/\",\"logo\":{\"@type\":\"ImageObject\",\"inLanguage\":\"fr-FR\",\"@id\":\"https:\/\/www.arancioamaro.it\/#\/schema\/logo\/image\/\",\"url\":\"https:\/\/www.arancioamaro.it\/wp-content\/uploads\/2019\/05\/logo.png\",\"contentUrl\":\"https:\/\/www.arancioamaro.it\/wp-content\/uploads\/2019\/05\/logo.png\",\"width\":114,\"height\":113,\"caption\":\"Arancioamaro Boutique Hotel e Ristorante Cannero\"},\"image\":{\"@id\":\"https:\/\/www.arancioamaro.it\/#\/schema\/logo\/image\/\"},\"sameAs\":[\"https:\/\/www.facebook.com\/arancioamaroristorantehotel\/\",\"https:\/\/www.instagram.com\/arancioamarocanneroriviera\/\"]}]}<\/script>\n<!-- \/ Yoast SEO plugin. -->","yoast_head_json":{"title":"Chambre 101 | ArancioAmaro Cannero Riviera","robots":{"index":"index","follow":"follow","max-snippet":"max-snippet:-1","max-image-preview":"max-image-preview:large","max-video-preview":"max-video-preview:-1"},"canonical":"https:\/\/www.arancioamaro.it\/camera-101\/","og_locale":"fr_FR","og_type":"article","og_title":"Chambre 101 | ArancioAmaro Cannero Riviera","og_description":"[vc_row equal_height=\u00a0\u00bbyes\u00a0\u00bb css_animation=\u00a0\u00bbnone\u00a0\u00bb css=\u00a0\u00bb.vc_custom_1559206975763{margin-top: 0px !important;padding-top: 12px !important;}\u00a0\u00bb el_class=\u00a0\u00bbbianco\u00a0\u00bb][vc_column css=\u00a0\u00bb.vc_custom_1559137536501{padding-right: 0px !important;padding-left: 0px !important;background-color: #849489 !important;}\u00a0\u00bb offset=\u00a0\u00bbvc_col-lg-12 vc_col-md-12 vc_col-xs-12&Prime;][\/vc_column][\/vc_row][vc_row equal_height=\u00a0\u00bbyes\u00a0\u00bb css_animation=\u00a0\u00bbnone\u00a0\u00bb el_class=\u00a0\u00bbpanna\u00a0\u00bb css=\u00a0\u00bb.vc_custom_1559225165337{margin-top: 12px !important;}\u00a0\u00bb][vc_column css=\u00a0\u00bb.vc_custom_1560266007024{background-image: url(http:\/\/www.arancioamaro.it\/wp-content\/uploads\/2019\/06\/arancio-amaro-hotel-cannero-camera-101-1.jpg?id=5461) !important;background-position: center !important;background-repeat: no-repeat !important;background-size: cover !important;}\u00a0\u00bb offset=\u00a0\u00bbvc_col-lg-4 vc_col-md-12 vc_col-xs-12&Prime;][vc_empty_space height=\u00a0\u00bb400px\u00a0\u00bb][\/vc_column][vc_column css=\u00a0\u00bb.vc_custom_1559141667521{padding-top: 0px [&hellip;]","og_url":"https:\/\/www.arancioamaro.it\/camera-101\/","og_site_name":"ArancioAmaro Cannero Riviera","article_publisher":"https:\/\/www.facebook.com\/arancioamaroristorantehotel\/","article_modified_time":"2019-06-25T09:11:35+00:00","og_image":[{"width":114,"height":113,"url":"https:\/\/www.arancioamaro.it\/wp-content\/uploads\/2019\/05\/logo.png","type":"image\/png"}],"twitter_card":"summary_large_image","twitter_misc":{"Dur\u00e9e de lecture estim\u00e9e":"4 minutes"},"schema":{"@context":"https:\/\/schema.org","@graph":[{"@type":"WebPage","@id":"https:\/\/www.arancioamaro.it\/camera-101\/","url":"https:\/\/www.arancioamaro.it\/camera-101\/","name":"Chambre 101 | ArancioAmaro Cannero Riviera","isPartOf":{"@id":"https:\/\/www.arancioamaro.it\/#website"},"datePublished":"2019-05-30T08:53:59+00:00","dateModified":"2019-06-25T09:11:35+00:00","breadcrumb":{"@id":"https:\/\/www.arancioamaro.it\/camera-101\/#breadcrumb"},"inLanguage":"fr-FR","potentialAction":[{"@type":"ReadAction","target":["https:\/\/www.arancioamaro.it\/camera-101\/"]}]},{"@type":"BreadcrumbList","@id":"https:\/\/www.arancioamaro.it\/camera-101\/#breadcrumb","itemListElement":[{"@type":"ListItem","position":1,"name":"Home","item":"https:\/\/www.arancioamaro.it\/fr\/"},{"@type":"ListItem","position":2,"name":"Chambre 101"}]},{"@type":"WebSite","@id":"https:\/\/www.arancioamaro.it\/#website","url":"https:\/\/www.arancioamaro.it\/","name":"Arancio Amaro Cannero Riviera","description":"Boutique Hotel and Food","publisher":{"@id":"https:\/\/www.arancioamaro.it\/#organization"},"potentialAction":[{"@type":"SearchAction","target":{"@type":"EntryPoint","urlTemplate":"https:\/\/www.arancioamaro.it\/?s={search_term_string}"},"query-input":{"@type":"PropertyValueSpecification","valueRequired":true,"valueName":"search_term_string"}}],"inLanguage":"fr-FR"},{"@type":"Organization","@id":"https:\/\/www.arancioamaro.it\/#organization","name":"Arancioamaro Boutique Hotel e Ristorante Cannero","url":"https:\/\/www.arancioamaro.it\/","logo":{"@type":"ImageObject","inLanguage":"fr-FR","@id":"https:\/\/www.arancioamaro.it\/#\/schema\/logo\/image\/","url":"https:\/\/www.arancioamaro.it\/wp-content\/uploads\/2019\/05\/logo.png","contentUrl":"https:\/\/www.arancioamaro.it\/wp-content\/uploads\/2019\/05\/logo.png","width":114,"height":113,"caption":"Arancioamaro Boutique Hotel e Ristorante Cannero"},"image":{"@id":"https:\/\/www.arancioamaro.it\/#\/schema\/logo\/image\/"},"sameAs":["https:\/\/www.facebook.com\/arancioamaroristorantehotel\/","https:\/\/www.instagram.com\/arancioamarocanneroriviera\/"]}]}},"_links":{"self":[{"href":"https:\/\/www.arancioamaro.it\/fr\/wp-json\/wp\/v2\/pages\/5687","targetHints":{"allow":["GET"]}}],"collection":[{"href":"https:\/\/www.arancioamaro.it\/fr\/wp-json\/wp\/v2\/pages"}],"about":[{"href":"https:\/\/www.arancioamaro.it\/fr\/wp-json\/wp\/v2\/types\/page"}],"author":[{"embeddable":true,"href":"https:\/\/www.arancioamaro.it\/fr\/wp-json\/wp\/v2\/users\/1"}],"replies":[{"embeddable":true,"href":"https:\/\/www.arancioamaro.it\/fr\/wp-json\/wp\/v2\/comments?post=5687"}],"version-history":[{"count":3,"href":"https:\/\/www.arancioamaro.it\/fr\/wp-json\/wp\/v2\/pages\/5687\/revisions"}],"predecessor-version":[{"id":6058,"href":"https:\/\/www.arancioamaro.it\/fr\/wp-json\/wp\/v2\/pages\/5687\/revisions\/6058"}],"wp:attachment":[{"href":"https:\/\/www.arancioamaro.it\/fr\/wp-json\/wp\/v2\/media?parent=5687"}],"curies":[{"name":"wp","href":"https:\/\/api.w.org\/{rel}","templated":true}]}}