{"id":5747,"date":"2019-06-14T14:26:37","date_gmt":"2019-06-14T12:26:37","guid":{"rendered":"http:\/\/www.arancioamaro.it\/cookie-policy\/"},"modified":"2019-06-20T15:16:33","modified_gmt":"2019-06-20T13:16:33","slug":"cookie-policy","status":"publish","type":"page","link":"https:\/\/www.arancioamaro.it\/fr\/cookie-policy\/","title":{"rendered":"Cookie Policy"},"content":{"rendered":"<p>[vc_row css=\u00a0\u00bb.vc_custom_1559220555122{background-color: #849489 !important;}\u00a0\u00bb el_class=\u00a0\u00bbnomobile\u00a0\u00bb][vc_column][vc_empty_space height=\u00a0\u00bb200px\u00a0\u00bb][\/vc_column][\/vc_row][vc_row css=\u00a0\u00bb.vc_custom_1559227256688{margin-top: 0px !important;background-color: #849489 !important;}\u00a0\u00bb][vc_column][vc_empty_space]<div class=\"mkd-elements-holder   mkd-one-column  mkd-responsive-mode-768 \" ><div class=\"mkd-eh-item    \"  data-item-class=\"mkd-eh-custom-2101\">\n\t<div class=\"mkd-eh-item-inner\">\n\t\t<div class=\"mkd-eh-item-content mkd-eh-custom-2101\" style=\"padding: 0 20% 20%\">\n\t\t\t[vc_column_text el_class=\u00a0\u00bbverde\u00a0\u00bb]<\/p>\n<h1 style=\"color: #eee4db;\">COOKIE POLICY<\/h1>\n<p>[\/vc_column_text][vc_empty_space height=\u00a0\u00bb50px\u00a0\u00bb][vc_column_text el_class=\u00a0\u00bbbianco\u00a0\u00bb]Riportiamo dal sito del\u00a0<a href=\"http:\/\/www.garanteprivacy.it\/web\/guest\/home\/docweb\/-\/docweb-display\/docweb\/3585077\" target=\"_new\" rel=\"noopener noreferrer\">Garante della Privacy<\/a>\u00a0la definizione di cookie.<\/p>\n<p><b>Cosa sono i cookie?<\/b><br \/>\nI cookie sono piccoli file di testo che i siti visitati dagli utenti inviano ai loro terminali, ove vengono memorizzati per essere poi ritrasmessi agli stessi siti alla visita successiva. I cookie delle c.d. \u00ab\u00a0terze parti\u00a0\u00bb vengono, invece, impostati da un sito web diverso da quello che l&rsquo;utente sta visitando. Questo perch\u00e9 su ogni sito possono essere presenti elementi (immagini, mappe, suoni, specifici link a pagine web di altri domini, ecc.) che risiedono su server diversi da quello del sito visitato.<\/p>\n<p><b>A cosa servono i cookie?<\/b><br \/>\nI cookie sono usati per differenti finalit\u00e0: esecuzione di autenticazioni informatiche, monitoraggio di sessioni, memorizzazione di informazioni su specifiche configurazioni riguardanti gli utenti che accedono al server, memorizzazione delle preferenze, ecc.<\/p>\n<p><b>Cosa sono i cookie \u00ab\u00a0tecnici\u00a0\u00bb?<\/b><br \/>\nSono i cookie che servono a effettuare la navigazione o a fornire un servizio richiesto dall&rsquo;utente. Non vengono utilizzati per scopi ulteriori e sono normalmente installati direttamente dal titolare del sito web.<br \/>\nSenza il ricorso a tali cookie, alcune operazioni non potrebbero essere compiute o sarebbero pi\u00f9 complesse e\/o meno sicure, come ad esempio le attivit\u00e0 di home banking (visualizzazione dell&rsquo;estratto conto, bonifici, pagamento di bollette, ecc.), per le quali i cookie, che consentono di effettuare e mantenere l&rsquo;identificazione dell&rsquo;utente nell&rsquo;ambito della sessione, risultano indispensabili.<\/p>\n<p><b>Cosa sono i cookie \u00ab\u00a0di profilazione\u00a0\u00bb?<\/b><br \/>\nSono i cookie utilizzati per tracciare la navigazione dell&rsquo;utente in rete e creare profili sui suoi gusti, abitudini, scelte, ecc. Con questi cookie possono essere trasmessi al terminale dell&rsquo;utente messaggi pubblicitari in linea con le preferenze gi\u00e0 manifestate dallo stesso utente nella navigazione online.<\/p>\n<h3 style=\"color: #fff;\">Cookie di questo sito<\/h3>\n<p>I cookie su questo sito sono notificati tramite un BANNER presente in tutte le pagine, contenente la richiesta di consenso e un link alla cookie policy<\/p>\n<p><b>Categoria di cookie<\/b><br \/>\nI cookie possono essere divisi in quattro categorie:<\/p>\n<p>&nbsp;<\/p>\n<ul>\n<li style=\"color: #fff;\"><b>Cookie strettamente necessari<\/b><\/li>\n<li style=\"color: #fff;\"><b>Cookie sulle prestazioni<\/b><\/li>\n<li style=\"color: #fff;\"><b>Cookie funzionali<\/b><\/li>\n<li style=\"color: #fff;\"><b>Targeting cookie e cookie di pubblicit\u00e0<\/b><\/li>\n<\/ul>\n<p>&nbsp;<\/p>\n<p><b>Cookie strettamente necessari<\/b>: sono i cookie essenziali per la corretta navigazione del sito, come ad esempio i cookie che controllano l&rsquo;accesso alle aree protette. Senza tali cookie, alcune funzionalit\u00e0 del sito non sarebbero accessibili.<br \/>\n<b>Cookie sulle prestazioni<\/b>: Sono i cookie che raccolgono informazioni sull&rsquo;utilizzo del sito web, come la lista delle pagine pi\u00f9 visitate. Tali cookie non identificano un navigatore specifico, ma forniscono informazioni in modo aggregato, in modo da migliorare il funzionamento del sito web.<br \/>\n<b>Cookie funzionali<\/b>: Sono i cookie che permettono al sito di ricordare le scelte fatte dal navigatore, in modo da evitare domande ridondanti e fornire migliori funzionalit\u00e0<br \/>\n<b>Targeting cookie e cookie di pubblicit\u00e0<\/b>: Sono i cookie che consentono di memorizzare le abitudini dell&rsquo;utente, allo scopo di proporre messaggi pubblicitari rispondenti ai suoi interessi e di misurare l&rsquo;efficacia di campagne pubblicitarie.<\/p>\n<p><b>Cookie utilizzati da questo sito<\/b><\/p>\n<table>\n<thead>\n<tr>\n<td>Categoria<\/td>\n<td>Nome<\/td>\n<td>Finalit\u00e0<\/td>\n<td>Durata<\/td>\n<\/tr>\n<\/thead>\n<tbody>\n<tr>\n<td>Cookie strettamente necessari<\/td>\n<td>PHPSESSID<\/td>\n<td>Cookie utilizzato per memorizzare informazioni di navigazione. Scade al termine della sessione<\/td>\n<td>Scade al termine della sessione<\/td>\n<\/tr>\n<tr>\n<td>Cookie funzionali<\/td>\n<td>displayCookieConsent<\/td>\n<td>Cookie utilizzato per ricordare la presa visione della cookie policy<\/td>\n<td>Dura 1 anno dall&rsquo;accettazione<\/td>\n<\/tr>\n<\/tbody>\n<\/table>\n<p>&nbsp;<\/p>\n<p><b>Cookie terze parti<\/b><\/p>\n<p><i>Disclaimer Cookie Google Analytics<\/i><\/p>\n<p>Questo sito web utilizza Google Analytics, un servizio di analisi web fornito da Google, Inc. (\u00ab\u00a0Google\u00a0\u00bb). Le informazioni generate dal cookie sull&rsquo;utilizzo del sito web da parte Vostra verranno trasmesse e depositate presso i server di Google. Google utilizzer\u00e0 queste informazioni allo scopo di tracciare ed esaminare il Vostro utilizzo del sito web, compilare report sulle attivit\u00e0 del sito web per gli operatori del sito web e fornire altri servizi relativi alle attivit\u00e0 del sito web e all&rsquo;utilizzo di Internet. Google pu\u00f2 anche trasferire queste informazioni a terzi ove ci\u00f2 sia imposto dalla legge o laddove tali terzi trattino le suddette informazioni per conto di Google. Google non assocer\u00e0 il vostro indirizzo IP a nessun altro dato posseduto da Google. Potete rifiutarvi di usare i cookie selezionando l&rsquo;impostazione appropriata sul vostro browser, ma ci\u00f2 potrebbe impedirvi di utilizzare tutte le funzionalit\u00e0 di questo sito web. Utilizzando il presente sito web, voi acconsentite al trattamento dei Vostri dati da parte di Google per le modalit\u00e0 e i fini sopraindicati. Per approfondimenti e modifiche al comportamento di Google potete consultare questo link\u00a0<a href=\"https:\/\/www.google.com\/analytics\/learn\/privacy.html?hl=it\" target=\"_new\" rel=\"noopener noreferrer\">Policy Google Analytics<\/a><\/p>\n<p>Google Analytics installa i seguenti cookie:<br \/>\n__utma : cookie che permette di stabilire il numero di visite di un utente sul sito. Dura 2 anni<br \/>\n__utmb : cookie utilizzato per stabilire la durata della visita sul sito. Dura 30 minuti<br \/>\n__utmc : cookie utilizzato in unione __utmb per stabilire la durata della visita sul sito. Scade al termine della sessione<br \/>\n__utmt : cookie utilizzato per stabilire il tipo della richiesta. Dura 10 minuti<br \/>\n__utmz : cookie che permette di stabilire la provenienza dell&rsquo;utente Internet. Dura 6 mesi<br \/>\nTramite\u00a0<a href=\"https:\/\/tools.google.com\/dlpage\/gaoptout?hl=it\" target=\"_blank\" rel=\"noopener noreferrer\">questo link<\/a>\u00a0\u00e8 possibile disattivare Google Analytics.<br \/>\nSi consiglia di consultare sempre la\u00a0<a href=\"https:\/\/www.google.com\/analytics\/learn\/privacy.html?hl=it\" target=\"_new\" rel=\"noopener noreferrer\">Policy Google Analytics<\/a>\u00a0per rimanere aggiornati su eventuali cambi di policy.<\/p>\n<p><b>Trattamento dei Cookie sui principali browser<\/b><\/p>\n<p><i>Microsoft Windows Explorer:<\/i>\u00a0http:\/\/windows.microsoft.com\/en-us\/windows-vista\/block-or-allow-cookies<br \/>\n<i>Google Chrome:<\/i>\u00a0https:\/\/support.google.com\/chrome\/bin\/answer.py?hl=en&amp;answer=95647&amp;p=cpn_cookies<br \/>\n<i>Mozilla Firefox:<\/i>\u00a0http:\/\/support.mozilla.org\/en-US\/kb\/Enabling%20and%20disabling%20cookies<br \/>\n<i>Apple Safari:<\/i>\u00a0http:\/\/docs.info.apple.com\/article.html?path=Safari\/5.0\/en\/9277.html<br \/>\nSe vuoi saperne di pi\u00f9 sui cookie in generale visita la pagina\u00a0<i>http:\/\/www.allaboutcookies.org<\/i><br \/>\nSe vuoi modificare le tue impostazioni su alcune categorie di cookie, puoi visitare il sito\u00a0<i>http:\/\/www.youronlinechoices.com\/it\/<\/i>[\/vc_column_text]\t\t<\/div>\n\t<\/div>\n<\/div><\/div>[\/vc_column][\/vc_row]<\/p>\n","protected":false},"excerpt":{"rendered":"<p>[vc_row css=\u00a0\u00bb.vc_custom_1559220555122{background-color: #849489 !important;}\u00a0\u00bb el_class=\u00a0\u00bbnomobile\u00a0\u00bb][vc_column][vc_empty_space height=\u00a0\u00bb200px\u00a0\u00bb][\/vc_column][\/vc_row][vc_row css=\u00a0\u00bb.vc_custom_1559227256688{margin-top: 0px !important;background-color: #849489 !important;}\u00a0\u00bb][vc_column][vc_empty_space][\/vc_column][\/vc_row]<\/p>\n","protected":false},"author":1,"featured_media":0,"parent":0,"menu_order":0,"comment_status":"closed","ping_status":"closed","template":"full-width.php","meta":{"footnotes":""},"class_list":["post-5747","page","type-page","status-publish","hentry"],"yoast_head":"<!-- This site is optimized with the Yoast SEO plugin v25.2 - https:\/\/yoast.com\/wordpress\/plugins\/seo\/ -->\n<title>Cookie Policy | ArancioAmaro Cannero Riviera<\/title>\n<meta name=\"robots\" content=\"index, follow, max-snippet:-1, max-image-preview:large, max-video-preview:-1\" \/>\n<link rel=\"canonical\" href=\"https:\/\/www.arancioamaro.it\/cookie-policy\/\" \/>\n<meta property=\"og:locale\" content=\"fr_FR\" \/>\n<meta property=\"og:type\" content=\"article\" \/>\n<meta property=\"og:title\" content=\"Cookie Policy | ArancioAmaro Cannero Riviera\" \/>\n<meta property=\"og:description\" content=\"[vc_row css=\u00a0\u00bb.vc_custom_1559220555122{background-color: #849489 !important;}\u00a0\u00bb el_class=\u00a0\u00bbnomobile\u00a0\u00bb][vc_column][vc_empty_space height=\u00a0\u00bb200px\u00a0\u00bb][\/vc_column][\/vc_row][vc_row css=\u00a0\u00bb.vc_custom_1559227256688{margin-top: 0px !important;background-color: #849489 !important;}\u00a0\u00bb][vc_column][vc_empty_space][\/vc_column][\/vc_row]\" \/>\n<meta property=\"og:url\" content=\"https:\/\/www.arancioamaro.it\/cookie-policy\/\" \/>\n<meta property=\"og:site_name\" content=\"ArancioAmaro Cannero Riviera\" \/>\n<meta property=\"article:publisher\" content=\"https:\/\/www.facebook.com\/arancioamaroristorantehotel\/\" \/>\n<meta property=\"article:modified_time\" content=\"2019-06-20T13:16:33+00:00\" \/>\n<meta property=\"og:image\" content=\"https:\/\/www.arancioamaro.it\/wp-content\/uploads\/2019\/05\/logo.png\" \/>\n\t<meta property=\"og:image:width\" content=\"114\" \/>\n\t<meta property=\"og:image:height\" content=\"113\" \/>\n\t<meta property=\"og:image:type\" content=\"image\/png\" \/>\n<meta name=\"twitter:card\" content=\"summary_large_image\" \/>\n<meta name=\"twitter:label1\" content=\"Dur\u00e9e de lecture estim\u00e9e\" \/>\n\t<meta name=\"twitter:data1\" content=\"5 minutes\" \/>\n<script type=\"application\/ld+json\" class=\"yoast-schema-graph\">{\"@context\":\"https:\/\/schema.org\",\"@graph\":[{\"@type\":\"WebPage\",\"@id\":\"https:\/\/www.arancioamaro.it\/cookie-policy\/\",\"url\":\"https:\/\/www.arancioamaro.it\/cookie-policy\/\",\"name\":\"Cookie Policy | ArancioAmaro Cannero Riviera\",\"isPartOf\":{\"@id\":\"https:\/\/www.arancioamaro.it\/#website\"},\"datePublished\":\"2019-06-14T12:26:37+00:00\",\"dateModified\":\"2019-06-20T13:16:33+00:00\",\"breadcrumb\":{\"@id\":\"https:\/\/www.arancioamaro.it\/cookie-policy\/#breadcrumb\"},\"inLanguage\":\"fr-FR\",\"potentialAction\":[{\"@type\":\"ReadAction\",\"target\":[\"https:\/\/www.arancioamaro.it\/cookie-policy\/\"]}]},{\"@type\":\"BreadcrumbList\",\"@id\":\"https:\/\/www.arancioamaro.it\/cookie-policy\/#breadcrumb\",\"itemListElement\":[{\"@type\":\"ListItem\",\"position\":1,\"name\":\"Home\",\"item\":\"https:\/\/www.arancioamaro.it\/fr\/\"},{\"@type\":\"ListItem\",\"position\":2,\"name\":\"Cookie Policy\"}]},{\"@type\":\"WebSite\",\"@id\":\"https:\/\/www.arancioamaro.it\/#website\",\"url\":\"https:\/\/www.arancioamaro.it\/\",\"name\":\"Arancio Amaro Cannero Riviera\",\"description\":\"Boutique Hotel and Food\",\"publisher\":{\"@id\":\"https:\/\/www.arancioamaro.it\/#organization\"},\"potentialAction\":[{\"@type\":\"SearchAction\",\"target\":{\"@type\":\"EntryPoint\",\"urlTemplate\":\"https:\/\/www.arancioamaro.it\/?s={search_term_string}\"},\"query-input\":{\"@type\":\"PropertyValueSpecification\",\"valueRequired\":true,\"valueName\":\"search_term_string\"}}],\"inLanguage\":\"fr-FR\"},{\"@type\":\"Organization\",\"@id\":\"https:\/\/www.arancioamaro.it\/#organization\",\"name\":\"Arancioamaro Boutique Hotel e Ristorante Cannero\",\"url\":\"https:\/\/www.arancioamaro.it\/\",\"logo\":{\"@type\":\"ImageObject\",\"inLanguage\":\"fr-FR\",\"@id\":\"https:\/\/www.arancioamaro.it\/#\/schema\/logo\/image\/\",\"url\":\"https:\/\/www.arancioamaro.it\/wp-content\/uploads\/2019\/05\/logo.png\",\"contentUrl\":\"https:\/\/www.arancioamaro.it\/wp-content\/uploads\/2019\/05\/logo.png\",\"width\":114,\"height\":113,\"caption\":\"Arancioamaro Boutique Hotel e Ristorante Cannero\"},\"image\":{\"@id\":\"https:\/\/www.arancioamaro.it\/#\/schema\/logo\/image\/\"},\"sameAs\":[\"https:\/\/www.facebook.com\/arancioamaroristorantehotel\/\",\"https:\/\/www.instagram.com\/arancioamarocanneroriviera\/\"]}]}<\/script>\n<!-- \/ Yoast SEO plugin. -->","yoast_head_json":{"title":"Cookie Policy | ArancioAmaro Cannero Riviera","robots":{"index":"index","follow":"follow","max-snippet":"max-snippet:-1","max-image-preview":"max-image-preview:large","max-video-preview":"max-video-preview:-1"},"canonical":"https:\/\/www.arancioamaro.it\/cookie-policy\/","og_locale":"fr_FR","og_type":"article","og_title":"Cookie Policy | ArancioAmaro Cannero Riviera","og_description":"[vc_row css=\u00a0\u00bb.vc_custom_1559220555122{background-color: #849489 !important;}\u00a0\u00bb el_class=\u00a0\u00bbnomobile\u00a0\u00bb][vc_column][vc_empty_space height=\u00a0\u00bb200px\u00a0\u00bb][\/vc_column][\/vc_row][vc_row css=\u00a0\u00bb.vc_custom_1559227256688{margin-top: 0px !important;background-color: #849489 !important;}\u00a0\u00bb][vc_column][vc_empty_space][\/vc_column][\/vc_row]","og_url":"https:\/\/www.arancioamaro.it\/cookie-policy\/","og_site_name":"ArancioAmaro Cannero Riviera","article_publisher":"https:\/\/www.facebook.com\/arancioamaroristorantehotel\/","article_modified_time":"2019-06-20T13:16:33+00:00","og_image":[{"width":114,"height":113,"url":"https:\/\/www.arancioamaro.it\/wp-content\/uploads\/2019\/05\/logo.png","type":"image\/png"}],"twitter_card":"summary_large_image","twitter_misc":{"Dur\u00e9e de lecture estim\u00e9e":"5 minutes"},"schema":{"@context":"https:\/\/schema.org","@graph":[{"@type":"WebPage","@id":"https:\/\/www.arancioamaro.it\/cookie-policy\/","url":"https:\/\/www.arancioamaro.it\/cookie-policy\/","name":"Cookie Policy | ArancioAmaro Cannero Riviera","isPartOf":{"@id":"https:\/\/www.arancioamaro.it\/#website"},"datePublished":"2019-06-14T12:26:37+00:00","dateModified":"2019-06-20T13:16:33+00:00","breadcrumb":{"@id":"https:\/\/www.arancioamaro.it\/cookie-policy\/#breadcrumb"},"inLanguage":"fr-FR","potentialAction":[{"@type":"ReadAction","target":["https:\/\/www.arancioamaro.it\/cookie-policy\/"]}]},{"@type":"BreadcrumbList","@id":"https:\/\/www.arancioamaro.it\/cookie-policy\/#breadcrumb","itemListElement":[{"@type":"ListItem","position":1,"name":"Home","item":"https:\/\/www.arancioamaro.it\/fr\/"},{"@type":"ListItem","position":2,"name":"Cookie Policy"}]},{"@type":"WebSite","@id":"https:\/\/www.arancioamaro.it\/#website","url":"https:\/\/www.arancioamaro.it\/","name":"Arancio Amaro Cannero Riviera","description":"Boutique Hotel and Food","publisher":{"@id":"https:\/\/www.arancioamaro.it\/#organization"},"potentialAction":[{"@type":"SearchAction","target":{"@type":"EntryPoint","urlTemplate":"https:\/\/www.arancioamaro.it\/?s={search_term_string}"},"query-input":{"@type":"PropertyValueSpecification","valueRequired":true,"valueName":"search_term_string"}}],"inLanguage":"fr-FR"},{"@type":"Organization","@id":"https:\/\/www.arancioamaro.it\/#organization","name":"Arancioamaro Boutique Hotel e Ristorante Cannero","url":"https:\/\/www.arancioamaro.it\/","logo":{"@type":"ImageObject","inLanguage":"fr-FR","@id":"https:\/\/www.arancioamaro.it\/#\/schema\/logo\/image\/","url":"https:\/\/www.arancioamaro.it\/wp-content\/uploads\/2019\/05\/logo.png","contentUrl":"https:\/\/www.arancioamaro.it\/wp-content\/uploads\/2019\/05\/logo.png","width":114,"height":113,"caption":"Arancioamaro Boutique Hotel e Ristorante Cannero"},"image":{"@id":"https:\/\/www.arancioamaro.it\/#\/schema\/logo\/image\/"},"sameAs":["https:\/\/www.facebook.com\/arancioamaroristorantehotel\/","https:\/\/www.instagram.com\/arancioamarocanneroriviera\/"]}]}},"_links":{"self":[{"href":"https:\/\/www.arancioamaro.it\/fr\/wp-json\/wp\/v2\/pages\/5747","targetHints":{"allow":["GET"]}}],"collection":[{"href":"https:\/\/www.arancioamaro.it\/fr\/wp-json\/wp\/v2\/pages"}],"about":[{"href":"https:\/\/www.arancioamaro.it\/fr\/wp-json\/wp\/v2\/types\/page"}],"author":[{"embeddable":true,"href":"https:\/\/www.arancioamaro.it\/fr\/wp-json\/wp\/v2\/users\/1"}],"replies":[{"embeddable":true,"href":"https:\/\/www.arancioamaro.it\/fr\/wp-json\/wp\/v2\/comments?post=5747"}],"version-history":[{"count":1,"href":"https:\/\/www.arancioamaro.it\/fr\/wp-json\/wp\/v2\/pages\/5747\/revisions"}],"predecessor-version":[{"id":5748,"href":"https:\/\/www.arancioamaro.it\/fr\/wp-json\/wp\/v2\/pages\/5747\/revisions\/5748"}],"wp:attachment":[{"href":"https:\/\/www.arancioamaro.it\/fr\/wp-json\/wp\/v2\/media?parent=5747"}],"curies":[{"name":"wp","href":"https:\/\/api.w.org\/{rel}","templated":true}]}}